{"id":522,"date":"2024-12-18T22:54:44","date_gmt":"2024-12-18T22:54:44","guid":{"rendered":"https:\/\/glaciergin.is\/um-okkur\/"},"modified":"2025-01-22T22:10:35","modified_gmt":"2025-01-22T22:10:35","slug":"about","status":"publish","type":"page","link":"https:\/\/glaciergin.is\/en\/about\/","title":{"rendered":"About"},"content":{"rendered":"<div class='breakdance'><section class=\"bde-section-522-100 bde-section\">\n  \n  \n\t\n\n\n\n<div class=\"section-container\"><div class=\"bde-columns-522-101 bde-columns\"><div class=\"bde-column-522-102 bde-column\">\n  \n  \n\t\n\n\n\n<img decoding=\"async\" class=\"bde-image2-522-103 bde-image2\" src=\"https:\/\/glaciergin.is\/wp-content\/uploads\/2024\/12\/Image-JRJ00041-Large.jpeg\" loading=\"lazy\" srcset=\"https:\/\/glaciergin.is\/wp-content\/uploads\/2024\/12\/Image-JRJ00041-Large.jpeg 853w, https:\/\/glaciergin.is\/wp-content\/uploads\/2024\/12\/Image-JRJ00041-Large-200x300.jpeg 200w, https:\/\/glaciergin.is\/wp-content\/uploads\/2024\/12\/Image-JRJ00041-Large-682x1024.jpeg 682w, https:\/\/glaciergin.is\/wp-content\/uploads\/2024\/12\/Image-JRJ00041-Large-768x1152.jpeg 768w, https:\/\/glaciergin.is\/wp-content\/uploads\/2024\/12\/Image-JRJ00041-Large-300x450.jpeg 300w, https:\/\/glaciergin.is\/wp-content\/uploads\/2024\/12\/Image-JRJ00041-Large-600x900.jpeg 600w\" sizes=\"(max-width: 853px) 100vw, 853px\">\n<\/div><div class=\"bde-column-522-104 bde-column\">\n  \n  \n\t\n\n\n\n<h1 class=\"bde-heading-522-105 bde-heading\">\nAbout Glacier Gin\n<\/h1><div class=\"bde-rich-text-522-106 bde-rich-text breakdance-rich-text-styles\">\n<p>Behind Glacier Gin are three friends: Fannar Gu\u00f0mundsson, Haraldur G\u00edsli Sigf\u00fasson, and R\u00farik G\u00edslason.<\/p><p>We all share a passion for quality gin and Icelandic nature \u2013 and it was this shared enthusiasm that led us to create Glacier Gin.<\/p><p>We wanted to capture a certain atmosphere in a drink, resulting in a truly Icelandic gin that reflects pure Icelandic water, pristine nature, and the unique feeling of enjoying a great drink among friends.<\/p><p>We are excited to continue combining our passion for fine drinks and Icelandic nature.<\/p>\n<\/div>\n<\/div><\/div><\/div>\n<\/section><\/div>","protected":false},"excerpt":{"rendered":"<p>About Glacier Gin Behind Glacier Gin are three friends: Fannar Gu\u00f0mundsson, Haraldur G\u00edsli Sigf\u00fasson, and R\u00farik G\u00edslason.We all share a passion for quality gin and Icelandic nature \u2013 and it was this shared enthusiasm that led us to create Glacier Gin.We wanted to capture a certain atmosphere in a drink, resulting in a truly Icelandic [&hellip;]<\/p>\n","protected":false},"author":1,"featured_media":0,"parent":0,"menu_order":0,"comment_status":"closed","ping_status":"closed","template":"","meta":{"_acf_changed":false,"_breakdance_hide_in_design_set":false,"_breakdance_tags":"","footnotes":""},"class_list":["post-522","page","type-page","status-publish","hentry"],"acf":[],"_links":{"self":[{"href":"https:\/\/glaciergin.is\/en\/wp-json\/wp\/v2\/pages\/522","targetHints":{"allow":["GET"]}}],"collection":[{"href":"https:\/\/glaciergin.is\/en\/wp-json\/wp\/v2\/pages"}],"about":[{"href":"https:\/\/glaciergin.is\/en\/wp-json\/wp\/v2\/types\/page"}],"author":[{"embeddable":true,"href":"https:\/\/glaciergin.is\/en\/wp-json\/wp\/v2\/users\/1"}],"replies":[{"embeddable":true,"href":"https:\/\/glaciergin.is\/en\/wp-json\/wp\/v2\/comments?post=522"}],"version-history":[{"count":0,"href":"https:\/\/glaciergin.is\/en\/wp-json\/wp\/v2\/pages\/522\/revisions"}],"wp:attachment":[{"href":"https:\/\/glaciergin.is\/en\/wp-json\/wp\/v2\/media?parent=522"}],"curies":[{"name":"wp","href":"https:\/\/api.w.org\/{rel}","templated":true}]}}